{"id":12,"date":"2019-01-09T23:41:56","date_gmt":"2019-01-09T23:41:56","guid":{"rendered":"http:\/\/server2web.com\/magnasco\/?page_id=12"},"modified":"2019-04-26T18:27:15","modified_gmt":"2019-04-26T18:27:15","slug":"club-de-amigos","status":"publish","type":"page","link":"http:\/\/www.institutomagnasco.org.ar\/?page_id=12","title":{"rendered":"Club de amigos"},"content":{"rendered":"<p>[vc_row full_width=&#8221;stretch_row_content_no_spaces&#8221; content_placement=&#8221;middle&#8221;][vc_column][vc_single_image image=&#8221;1129&#8243; img_size=&#8221;full&#8221; alignment=&#8221;center&#8221;][\/vc_column][\/vc_row][vc_row][vc_column][vc_column_text]<span style=\"font-size: 22px; color: #a17f2d;\">Nuestro <strong>proyecto<\/strong><\/span><\/p>\n<p><span style=\"font-size: 18px;\">Gracias al apoyo de los socios benefactores y adherentes el Instituto sigue creciendo. Con un peque\u00f1o aporte mensual puede sumarse y acompa\u00f1ar el crecimiento del Instituto. Nos encantar\u00eda que pertenezca al Club de amigos del Magnasco y forme parte de nuestro proyecto.<\/span>[\/vc_column_text][\/vc_column][\/vc_row][vc_row][vc_column width=&#8221;1\/2&#8243;][vc_single_image image=&#8221;1133&#8243; img_size=&#8221;full&#8221; alignment=&#8221;center&#8221; onclick=&#8221;custom_link&#8221; link=&#8221;\/?page_id=15&#8243; label=&#8221;&#8221;][\/vc_column][vc_column width=&#8221;1\/2&#8243;][vc_single_image image=&#8221;1134&#8243; img_size=&#8221;full&#8221; alignment=&#8221;center&#8221; onclick=&#8221;custom_link&#8221; label=&#8221;&#8221; link=&#8221;\/?page_id=15&#8243;][\/vc_column][\/vc_row]<\/p>\n","protected":false},"excerpt":{"rendered":"<p>[vc_row full_width=&#8221;stretch_row_content_no_spaces&#8221; content_placement=&#8221;middle&#8221;][vc_column][vc_single_image image=&#8221;1129&#8243; img_size=&#8221;full&#8221; alignment=&#8221;center&#8221;][\/vc_column][\/vc_row][vc_row][vc_column][vc_column_text]Nuestro proyecto Gracias al apoyo de los socios benefactores y adherentes el Instituto sigue creciendo. Con un peque\u00f1o aporte mensual puede sumarse y acompa\u00f1ar el crecimiento del Instituto. Nos encantar\u00eda que pertenezca al Club de amigos del Magnasco y forme parte de nuestro proyecto.[\/vc_column_text][\/vc_column][\/vc_row][vc_row][vc_column width=&#8221;1\/2&#8243;][vc_single_image image=&#8221;1133&#8243; img_size=&#8221;full&#8221; alignment=&#8221;center&#8221; onclick=&#8221;custom_link&#8221; link=&#8221;\/?page_id=15&#8243; [&hellip;]<\/p>\n","protected":false},"author":2,"featured_media":0,"parent":0,"menu_order":0,"comment_status":"closed","ping_status":"closed","template":"","meta":{"footnotes":""},"class_list":["post-12","page","type-page","status-publish","hentry"],"_links":{"self":[{"href":"http:\/\/www.institutomagnasco.org.ar\/index.php?rest_route=\/wp\/v2\/pages\/12","targetHints":{"allow":["GET"]}}],"collection":[{"href":"http:\/\/www.institutomagnasco.org.ar\/index.php?rest_route=\/wp\/v2\/pages"}],"about":[{"href":"http:\/\/www.institutomagnasco.org.ar\/index.php?rest_route=\/wp\/v2\/types\/page"}],"author":[{"embeddable":true,"href":"http:\/\/www.institutomagnasco.org.ar\/index.php?rest_route=\/wp\/v2\/users\/2"}],"replies":[{"embeddable":true,"href":"http:\/\/www.institutomagnasco.org.ar\/index.php?rest_route=%2Fwp%2Fv2%2Fcomments&post=12"}],"version-history":[{"count":19,"href":"http:\/\/www.institutomagnasco.org.ar\/index.php?rest_route=\/wp\/v2\/pages\/12\/revisions"}],"predecessor-version":[{"id":1186,"href":"http:\/\/www.institutomagnasco.org.ar\/index.php?rest_route=\/wp\/v2\/pages\/12\/revisions\/1186"}],"wp:attachment":[{"href":"http:\/\/www.institutomagnasco.org.ar\/index.php?rest_route=%2Fwp%2Fv2%2Fmedia&parent=12"}],"curies":[{"name":"wp","href":"https:\/\/api.w.org\/{rel}","templated":true}]}}